{"id":712,"date":"2020-08-12T15:59:37","date_gmt":"2020-08-12T13:59:37","guid":{"rendered":"https:\/\/www.clinique-espoir-tunisie.com\/blog\/?page_id=712"},"modified":"2025-09-23T09:48:34","modified_gmt":"2025-09-23T09:48:34","slug":"augmentation-mammaire","status":"publish","type":"page","link":"https:\/\/www.clinique-espoir-tunisie.com\/blog\/augmentation-mammaire\/","title":{"rendered":"Augmentation mammaire naturelle : technique de lipofilling"},"content":{"rendered":"<div id=\"ez-toc-container\" class=\"ez-toc-v2_0_82_2 counter-hierarchy ez-toc-counter ez-toc-grey ez-toc-container-direction\">\n<div class=\"ez-toc-title-container\">\n<p class=\"ez-toc-title\" style=\"cursor:inherit\">Sommaire<\/p>\n<span class=\"ez-toc-title-toggle\"><a href=\"#\" class=\"ez-toc-pull-right ez-toc-btn ez-toc-btn-xs ez-toc-btn-default ez-toc-toggle\" aria-label=\"Toggle Table of Content\"><span class=\"ez-toc-js-icon-con\"><span class=\"\"><span class=\"eztoc-hide\" style=\"display:none;\">Toggle<\/span><span class=\"ez-toc-icon-toggle-span\"><svg style=\"fill: #999;color:#999\" xmlns=\"http:\/\/www.w3.org\/2000\/svg\" class=\"list-377408\" width=\"20px\" height=\"20px\" viewBox=\"0 0 24 24\" fill=\"none\"><path d=\"M6 6H4v2h2V6zm14 0H8v2h12V6zM4 11h2v2H4v-2zm16 0H8v2h12v-2zM4 16h2v2H4v-2zm16 0H8v2h12v-2z\" fill=\"currentColor\"><\/path><\/svg><svg style=\"fill: #999;color:#999\" class=\"arrow-unsorted-368013\" xmlns=\"http:\/\/www.w3.org\/2000\/svg\" width=\"10px\" height=\"10px\" viewBox=\"0 0 24 24\" version=\"1.2\" baseProfile=\"tiny\"><path d=\"M18.2 9.3l-6.2-6.3-6.2 6.3c-.2.2-.3.4-.3.7s.1.5.3.7c.2.2.4.3.7.3h11c.3 0 .5-.1.7-.3.2-.2.3-.5.3-.7s-.1-.5-.3-.7zM5.8 14.7l6.2 6.3 6.2-6.3c.2-.2.3-.5.3-.7s-.1-.5-.3-.7c-.2-.2-.4-.3-.7-.3h-11c-.3 0-.5.1-.7.3-.2.2-.3.5-.3.7s.1.5.3.7z\"\/><\/svg><\/span><\/span><\/span><\/a><\/span><\/div>\n<nav><ul class='ez-toc-list ez-toc-list-level-1 eztoc-toggle-hide-by-default' ><li class='ez-toc-page-1 ez-toc-heading-level-2'><a class=\"ez-toc-link ez-toc-heading-1\" href=\"https:\/\/www.clinique-espoir-tunisie.com\/blog\/augmentation-mammaire\/#Quest_ce_que_le_lipofilling_mammaire\" >Qu\u2019est ce que le lipofilling mammaire\u00a0?<\/a><\/li><li class='ez-toc-page-1 ez-toc-heading-level-2'><a class=\"ez-toc-link ez-toc-heading-2\" href=\"https:\/\/www.clinique-espoir-tunisie.com\/blog\/augmentation-mammaire\/#Pour_qui_le_lipofilling_mammaire\" >Pour qui le lipofilling mammaire\u00a0?<\/a><\/li><li class='ez-toc-page-1 ez-toc-heading-level-2'><a class=\"ez-toc-link ez-toc-heading-3\" href=\"https:\/\/www.clinique-espoir-tunisie.com\/blog\/augmentation-mammaire\/#Comment_se_deroule_le_lipofilling_mammaire\" >Comment se d\u00e9roule le lipofilling mammaire\u00a0?<\/a><\/li><li class='ez-toc-page-1 ez-toc-heading-level-2'><a class=\"ez-toc-link ez-toc-heading-4\" href=\"https:\/\/www.clinique-espoir-tunisie.com\/blog\/augmentation-mammaire\/#Quel_est_le_nombre_de_seances\" >Quel est le nombre de s\u00e9ances\u00a0?<\/a><\/li><li class='ez-toc-page-1 ez-toc-heading-level-2'><a class=\"ez-toc-link ez-toc-heading-5\" href=\"https:\/\/www.clinique-espoir-tunisie.com\/blog\/augmentation-mammaire\/#Excepte_le_lipofilling_mammaire_existe-t-il_autres_methodes_daugmentation_mammaire_naturelle\" >Except\u00e9 le lipofilling mammaire, existe-t-il autres m\u00e9thodes d\u2019augmentation mammaire naturelle ?<\/a><ul class='ez-toc-list-level-3' ><li class='ez-toc-heading-level-3'><a class=\"ez-toc-link ez-toc-heading-6\" href=\"https:\/\/www.clinique-espoir-tunisie.com\/blog\/augmentation-mammaire\/#Les_cremes_a_augmentation_mammaires\" >Les cr\u00e8mes \u00e0 augmentation mammaires<\/a><\/li><\/ul><\/li><\/ul><\/nav><\/div>\n<p>L\u2019<strong>augmentation mammaire<\/strong> est une chirurgie consistant \u00e0 augmenter les seins ou \u00e0 modifier leur forme. Seulement, il existe deux techniques et qui sont diam\u00e9tralement oppos\u00e9es. L\u2019une n\u00e9cessite un corps \u00e9tranger dans le corps appel\u00e9 <strong>implant mammaire<\/strong> et l\u2019autre fait appel \u00e0 la graisse du corps de la patiente.<\/p>\n<p>L\u2019augmentation mammaire faisant appel \u00e0 la graisse naturelle du corps est appel\u00e9e <strong>lipofilling mammaire<\/strong>, ou l\u2019augmentation <strong>mammaire naturelle<\/strong>.<\/p>\n<h2><span class=\"ez-toc-section\" id=\"Quest_ce_que_le_lipofilling_mammaire\"><\/span>Qu\u2019est ce que le lipofilling mammaire\u00a0?<span class=\"ez-toc-section-end\"><\/span><\/h2>\n<p>Comme mentionn\u00e9 en amont, le <a href=\"https:\/\/www.clinique-espoir-tunisie.com\/lipofilling-seins.php\">lipofilling mammaire<\/a> est une technique consistant \u00e0 augmenter le volume des seins en injectant dans ceux-ci la graisse de la patiente prise soit au niveau de l\u2019abdomen, soit au niveau des cuisses voire au niveau d\u2019une autre zone de son corps.<\/p>\n<h2><span class=\"ez-toc-section\" id=\"Pour_qui_le_lipofilling_mammaire\"><\/span>Pour qui le lipofilling mammaire\u00a0?<span class=\"ez-toc-section-end\"><\/span><\/h2>\n<p>Le lipofilling mammaire s\u2019adresse g\u00e9n\u00e9ralement \u00e0 toute femme ayant de la graisse au niveau de certaines parties du corps comme le ventre, les cuisses, les fesses et voulant, sans recourir aux proth\u00e8ses mammaires\u00a0:<\/p>\n<ul>\n<li>Augmenter le volume de ses seins,<\/li>\n<li>Corriger une asym\u00e9trie mammaire,<\/li>\n<li>Corriger une malformation des seins.<\/li>\n<\/ul>\n<p>Sur ce, il est clair que les femmes de taille mince ne sont pas de potentielles candidates au lipofilling mammaire.<\/p>\n<h2><span class=\"ez-toc-section\" id=\"Comment_se_deroule_le_lipofilling_mammaire\"><\/span>Comment se d\u00e9roule le lipofilling mammaire\u00a0?<span class=\"ez-toc-section-end\"><\/span><\/h2>\n<p>Aussi appel\u00e9 <strong>Lipomodelage<\/strong>, le lipofilling mammaire est une intervention qui se d\u00e9roule sous diff\u00e9rentes \u00e9tapes\u00a0:<\/p>\n<ul>\n<li>Le pr\u00e9l\u00e8vement des tissus graisseuses au niveau de certaines parties du corps (hanches, abdomen \u2026) de la patiente<\/li>\n<li>Purification de la graisse pr\u00e9lev\u00e9e par le biais d\u2019une centrifugeuse\u00a0: cette \u00e9tape consiste \u00e0 purifier les tissus graisseux pendant quelques minutes par centrifugation (s\u00e9parer les tissus graisseux de mani\u00e8re intacte),<\/li>\n<li>Injections de la graisse purifi\u00e9e au niveau des zones \u00e0 combler : ici, la graisse sera inject\u00e9e au niveau de la poitrine par le moyen des micro-canules. Le processus consiste \u00e0 transf\u00e9rer les petites particules de graisse dans divers plans (plan des c\u00f4tes jusqu\u2019au niveau de la peau), selon de nombreux trajets afin d\u2019augmenter la surface de contact entre les tissus graisseux inject\u00e9s et les tissus receveurs, ce qui assurera la survie de la masse graisseuse inject\u00e9e.<\/li>\n<\/ul>\n<p>L\u2019intervention se fait sous anesth\u00e9sie g\u00e9n\u00e9rale, dure entre 15 et 45 minutes et peut n\u00e9cessiter entre 12 et 24 heures d\u2019hospitalisation.<\/p>\n<p>Il faut noter que plusieurs s\u00e9ances sont requises avant d\u2019obtenir le r\u00e9sultat final.<\/p>\n<h2><span class=\"ez-toc-section\" id=\"Quel_est_le_nombre_de_seances\"><\/span>Quel est le nombre de s\u00e9ances\u00a0?<span class=\"ez-toc-section-end\"><\/span><\/h2>\n<p>Le nombre de s\u00e9ances est compris entre 6 et 10 avec une cadence d\u2019une \u00e0 deux s\u00e9ances par semaine.<\/p>\n<p>Apr\u00e8s la \u00a0s\u00e9ance, les r\u00e9sultats se font d\u00e9j\u00e0 observ\u00e9s. Il est cependant conseill\u00e9 de terminer toutes les s\u00e9ances. La dur\u00e9e de vie du r\u00e9sultat final est d\u00e9finitive.<\/p>\n<p>Il est important de noter que le r\u00e9sultat obtenu apr\u00e8s intervention, n\u2019est pas celui qui sera observ\u00e9 apr\u00e8s quelque temps. En th\u00e9orie, seul 50% du volume restera. Raison pour laquelle son r\u00e9sultat ne peut \u00eatre \u00e9gal \u00e0 celui d\u2019un <a href=\"https:\/\/www.clinique-espoir-tunisie.com\/augmentation-mammaire-tunisie.php\">implant mammaire<\/a>.<\/p>\n<h2><span class=\"ez-toc-section\" id=\"Excepte_le_lipofilling_mammaire_existe-t-il_autres_methodes_daugmentation_mammaire_naturelle\"><\/span>Except\u00e9 le lipofilling mammaire, existe-t-il autres m\u00e9thodes d\u2019augmentation mammaire naturelle ?<span class=\"ez-toc-section-end\"><\/span><\/h2>\n<h3><span class=\"ez-toc-section\" id=\"Les_cremes_a_augmentation_mammaires\"><\/span><strong>Les cr\u00e8mes \u00e0 augmentation mammaires<\/strong><span class=\"ez-toc-section-end\"><\/span><\/h3>\n<p>Certaines cr\u00e8mes sont de plus en plus \u00e9voqu\u00e9es sur leurs efficacit\u00e9s \u00e0 augmenter les seins. Cependant, cela ne veut pas dire qu\u2019elles sont 100% naturelles, \u00e9tant donn\u00e9 qu\u2019il y a la pr\u00e9sence des produits chimiques. Le mot \u00ab\u00a0naturel\u00a0\u00bb est attribu\u00e9 tout simplement du fait qu\u2019il ne fait pas appel \u00e0 la <a href=\"https:\/\/www.clinique-espoir-tunisie.com\/\">chirurgie<\/a>.<\/p>\n<p>Bien que l\u2019augmentation mammaire naturelle peut satisfaire certaines patientes, il faudrait cependant noter que la qualit\u00e9 du r\u00e9sultat ne peut \u00eatre comparer \u00e0 celle d\u2019un implant mammaire.<\/p>\n","protected":false},"excerpt":{"rendered":"<p>L\u2019augmentation mammaire est une chirurgie consistant \u00e0 augmenter les seins ou \u00e0 modifier leur forme. Seulement, il existe deux techniques et qui sont diam\u00e9tralement oppos\u00e9es. L\u2019une n\u00e9cessite un corps \u00e9tranger dans le corps appel\u00e9 implant mammaire et l\u2019autre fait appel \u00e0 la graisse du corps de la patiente. L\u2019augmentation mammaire faisant appel \u00e0 la graisse [&hellip;]<\/p>\n","protected":false},"author":2,"featured_media":716,"parent":0,"menu_order":0,"comment_status":"closed","ping_status":"closed","template":"","meta":{"footnotes":""},"class_list":["post-712","page","type-page","status-publish","has-post-thumbnail","hentry"],"yoast_head":"<!-- This site is optimized with the Yoast SEO plugin v27.4 - https:\/\/yoast.com\/product\/yoast-seo-wordpress\/ -->\n<title>Augmentation mammaire naturelle : prix lipofilling seins<\/title>\n<meta name=\"description\" content=\"Augmentation mammaire par lipofilling est une technique consistant \u00e0 augmenter le volume des seins en injectant dans ceux-ci la graisse de la patiente prise soit au niveau de l\u2019abdomen, soit au niveau des cuisses voire au niveau d\u2019une autre zone de son corps.\" \/>\n<meta name=\"robots\" content=\"index, follow, max-snippet:-1, max-image-preview:large, max-video-preview:-1\" \/>\n<link rel=\"canonical\" href=\"https:\/\/www.clinique-espoir-tunisie.com\/blog\/augmentation-mammaire\/\" \/>\n<meta property=\"og:locale\" content=\"fr_FR\" \/>\n<meta property=\"og:type\" content=\"article\" \/>\n<meta property=\"og:title\" content=\"Augmentation mammaire naturelle : prix lipofilling seins\" \/>\n<meta property=\"og:description\" content=\"Augmentation mammaire par lipofilling est une technique consistant \u00e0 augmenter le volume des seins en injectant dans ceux-ci la graisse de la patiente prise soit au niveau de l\u2019abdomen, soit au niveau des cuisses voire au niveau d\u2019une autre zone de son corps.\" \/>\n<meta property=\"og:url\" content=\"https:\/\/www.clinique-espoir-tunisie.com\/blog\/augmentation-mammaire\/\" \/>\n<meta property=\"og:site_name\" content=\"Actualit\u00e9s Chirurgie Esth\u00e9tique Tunisie\" \/>\n<meta property=\"article:modified_time\" content=\"2025-09-23T09:48:34+00:00\" \/>\n<meta name=\"twitter:card\" content=\"summary_large_image\" \/>\n<meta name=\"twitter:label1\" content=\"Dur\u00e9e de lecture estim\u00e9e\" \/>\n\t<meta name=\"twitter:data1\" content=\"3 minutes\" \/>\n<script type=\"application\/ld+json\" class=\"yoast-schema-graph\">{\"@context\":\"https:\\\/\\\/schema.org\",\"@graph\":[{\"@type\":\"WebPage\",\"@id\":\"https:\\\/\\\/www.clinique-espoir-tunisie.com\\\/blog\\\/augmentation-mammaire\\\/\",\"url\":\"https:\\\/\\\/www.clinique-espoir-tunisie.com\\\/blog\\\/augmentation-mammaire\\\/\",\"name\":\"Augmentation mammaire naturelle : prix lipofilling seins\",\"isPartOf\":{\"@id\":\"https:\\\/\\\/www.clinique-espoir-tunisie.com\\\/blog\\\/#website\"},\"primaryImageOfPage\":{\"@id\":\"https:\\\/\\\/www.clinique-espoir-tunisie.com\\\/blog\\\/augmentation-mammaire\\\/#primaryimage\"},\"image\":{\"@id\":\"https:\\\/\\\/www.clinique-espoir-tunisie.com\\\/blog\\\/augmentation-mammaire\\\/#primaryimage\"},\"thumbnailUrl\":\"\",\"datePublished\":\"2020-08-12T13:59:37+00:00\",\"dateModified\":\"2025-09-23T09:48:34+00:00\",\"description\":\"Augmentation mammaire par lipofilling est une technique consistant \u00e0 augmenter le volume des seins en injectant dans ceux-ci la graisse de la patiente prise soit au niveau de l\u2019abdomen, soit au niveau des cuisses voire au niveau d\u2019une autre zone de son corps.\",\"breadcrumb\":{\"@id\":\"https:\\\/\\\/www.clinique-espoir-tunisie.com\\\/blog\\\/augmentation-mammaire\\\/#breadcrumb\"},\"inLanguage\":\"fr-FR\",\"potentialAction\":[{\"@type\":\"ReadAction\",\"target\":[\"https:\\\/\\\/www.clinique-espoir-tunisie.com\\\/blog\\\/augmentation-mammaire\\\/\"]}]},{\"@type\":\"ImageObject\",\"inLanguage\":\"fr-FR\",\"@id\":\"https:\\\/\\\/www.clinique-espoir-tunisie.com\\\/blog\\\/augmentation-mammaire\\\/#primaryimage\",\"url\":\"\",\"contentUrl\":\"\"},{\"@type\":\"BreadcrumbList\",\"@id\":\"https:\\\/\\\/www.clinique-espoir-tunisie.com\\\/blog\\\/augmentation-mammaire\\\/#breadcrumb\",\"itemListElement\":[{\"@type\":\"ListItem\",\"position\":1,\"name\":\"Accueil\",\"item\":\"https:\\\/\\\/www.clinique-espoir-tunisie.com\\\/blog\\\/\"},{\"@type\":\"ListItem\",\"position\":2,\"name\":\"Augmentation mammaire naturelle : technique de lipofilling\"}]},{\"@type\":\"WebSite\",\"@id\":\"https:\\\/\\\/www.clinique-espoir-tunisie.com\\\/blog\\\/#website\",\"url\":\"https:\\\/\\\/www.clinique-espoir-tunisie.com\\\/blog\\\/\",\"name\":\"Actualit\u00e9s Chirurgie Esth\u00e9tique Tunisie\",\"description\":\"Interventions, T\u00e9moignages, Prix Chirurgie\",\"potentialAction\":[{\"@type\":\"SearchAction\",\"target\":{\"@type\":\"EntryPoint\",\"urlTemplate\":\"https:\\\/\\\/www.clinique-espoir-tunisie.com\\\/blog\\\/?s={search_term_string}\"},\"query-input\":{\"@type\":\"PropertyValueSpecification\",\"valueRequired\":true,\"valueName\":\"search_term_string\"}}],\"inLanguage\":\"fr-FR\"}]}<\/script>\n<!-- \/ Yoast SEO plugin. -->","yoast_head_json":{"title":"Augmentation mammaire naturelle : prix lipofilling seins","description":"Augmentation mammaire par lipofilling est une technique consistant \u00e0 augmenter le volume des seins en injectant dans ceux-ci la graisse de la patiente prise soit au niveau de l\u2019abdomen, soit au niveau des cuisses voire au niveau d\u2019une autre zone de son corps.","robots":{"index":"index","follow":"follow","max-snippet":"max-snippet:-1","max-image-preview":"max-image-preview:large","max-video-preview":"max-video-preview:-1"},"canonical":"https:\/\/www.clinique-espoir-tunisie.com\/blog\/augmentation-mammaire\/","og_locale":"fr_FR","og_type":"article","og_title":"Augmentation mammaire naturelle : prix lipofilling seins","og_description":"Augmentation mammaire par lipofilling est une technique consistant \u00e0 augmenter le volume des seins en injectant dans ceux-ci la graisse de la patiente prise soit au niveau de l\u2019abdomen, soit au niveau des cuisses voire au niveau d\u2019une autre zone de son corps.","og_url":"https:\/\/www.clinique-espoir-tunisie.com\/blog\/augmentation-mammaire\/","og_site_name":"Actualit\u00e9s Chirurgie Esth\u00e9tique Tunisie","article_modified_time":"2025-09-23T09:48:34+00:00","twitter_card":"summary_large_image","twitter_misc":{"Dur\u00e9e de lecture estim\u00e9e":"3 minutes"},"schema":{"@context":"https:\/\/schema.org","@graph":[{"@type":"WebPage","@id":"https:\/\/www.clinique-espoir-tunisie.com\/blog\/augmentation-mammaire\/","url":"https:\/\/www.clinique-espoir-tunisie.com\/blog\/augmentation-mammaire\/","name":"Augmentation mammaire naturelle : prix lipofilling seins","isPartOf":{"@id":"https:\/\/www.clinique-espoir-tunisie.com\/blog\/#website"},"primaryImageOfPage":{"@id":"https:\/\/www.clinique-espoir-tunisie.com\/blog\/augmentation-mammaire\/#primaryimage"},"image":{"@id":"https:\/\/www.clinique-espoir-tunisie.com\/blog\/augmentation-mammaire\/#primaryimage"},"thumbnailUrl":"","datePublished":"2020-08-12T13:59:37+00:00","dateModified":"2025-09-23T09:48:34+00:00","description":"Augmentation mammaire par lipofilling est une technique consistant \u00e0 augmenter le volume des seins en injectant dans ceux-ci la graisse de la patiente prise soit au niveau de l\u2019abdomen, soit au niveau des cuisses voire au niveau d\u2019une autre zone de son corps.","breadcrumb":{"@id":"https:\/\/www.clinique-espoir-tunisie.com\/blog\/augmentation-mammaire\/#breadcrumb"},"inLanguage":"fr-FR","potentialAction":[{"@type":"ReadAction","target":["https:\/\/www.clinique-espoir-tunisie.com\/blog\/augmentation-mammaire\/"]}]},{"@type":"ImageObject","inLanguage":"fr-FR","@id":"https:\/\/www.clinique-espoir-tunisie.com\/blog\/augmentation-mammaire\/#primaryimage","url":"","contentUrl":""},{"@type":"BreadcrumbList","@id":"https:\/\/www.clinique-espoir-tunisie.com\/blog\/augmentation-mammaire\/#breadcrumb","itemListElement":[{"@type":"ListItem","position":1,"name":"Accueil","item":"https:\/\/www.clinique-espoir-tunisie.com\/blog\/"},{"@type":"ListItem","position":2,"name":"Augmentation mammaire naturelle : technique de lipofilling"}]},{"@type":"WebSite","@id":"https:\/\/www.clinique-espoir-tunisie.com\/blog\/#website","url":"https:\/\/www.clinique-espoir-tunisie.com\/blog\/","name":"Actualit\u00e9s Chirurgie Esth\u00e9tique Tunisie","description":"Interventions, T\u00e9moignages, Prix Chirurgie","potentialAction":[{"@type":"SearchAction","target":{"@type":"EntryPoint","urlTemplate":"https:\/\/www.clinique-espoir-tunisie.com\/blog\/?s={search_term_string}"},"query-input":{"@type":"PropertyValueSpecification","valueRequired":true,"valueName":"search_term_string"}}],"inLanguage":"fr-FR"}]}},"_links":{"self":[{"href":"https:\/\/www.clinique-espoir-tunisie.com\/blog\/wp-json\/wp\/v2\/pages\/712","targetHints":{"allow":["GET"]}}],"collection":[{"href":"https:\/\/www.clinique-espoir-tunisie.com\/blog\/wp-json\/wp\/v2\/pages"}],"about":[{"href":"https:\/\/www.clinique-espoir-tunisie.com\/blog\/wp-json\/wp\/v2\/types\/page"}],"author":[{"embeddable":true,"href":"https:\/\/www.clinique-espoir-tunisie.com\/blog\/wp-json\/wp\/v2\/users\/2"}],"replies":[{"embeddable":true,"href":"https:\/\/www.clinique-espoir-tunisie.com\/blog\/wp-json\/wp\/v2\/comments?post=712"}],"version-history":[{"count":2,"href":"https:\/\/www.clinique-espoir-tunisie.com\/blog\/wp-json\/wp\/v2\/pages\/712\/revisions"}],"predecessor-version":[{"id":1088,"href":"https:\/\/www.clinique-espoir-tunisie.com\/blog\/wp-json\/wp\/v2\/pages\/712\/revisions\/1088"}],"wp:featuredmedia":[{"embeddable":true,"href":"https:\/\/www.clinique-espoir-tunisie.com\/blog\/wp-json\/"}],"wp:attachment":[{"href":"https:\/\/www.clinique-espoir-tunisie.com\/blog\/wp-json\/wp\/v2\/media?parent=712"}],"curies":[{"name":"wp","href":"https:\/\/api.w.org\/{rel}","templated":true}]}}